{"id":229,"date":"2022-09-08T15:41:12","date_gmt":"2022-09-08T13:41:12","guid":{"rendered":"https:\/\/www.omegaudioconcepts.com\/systems\/"},"modified":"2024-10-02T23:34:02","modified_gmt":"2024-10-02T21:34:02","slug":"sistemi","status":"publish","type":"page","link":"https:\/\/www.omegaudioconcepts.com\/it\/sistemi\/","title":{"rendered":"Sistemi"},"content":{"rendered":"<p>[et_pb_section fb_built=&#8221;1&#8243; _builder_version=&#8221;4.18.0&#8243; _module_preset=&#8221;cc646ed7-c1c4-4940-a502-3b0f9501b7fe&#8221; background_image=&#8221;https:\/\/www.omegaudioconcepts.com\/wp-content\/uploads\/2022\/09\/omega_essenziale_0691.jpg&#8221; global_colors_info=&#8221;{}&#8221;][et_pb_row _builder_version=&#8221;4.18.0&#8243; _module_preset=&#8221;default&#8221; global_colors_info=&#8221;{}&#8221;][et_pb_column type=&#8221;4_4&#8243; _builder_version=&#8221;4.18.0&#8243; _module_preset=&#8221;default&#8221; global_colors_info=&#8221;{}&#8221;][et_pb_post_title _builder_version=&#8221;4.18.0&#8243; _module_preset=&#8221;5387a1aa-4617-4110-9aae-a72fd080d82c&#8221; global_colors_info=&#8221;{}&#8221;][\/et_pb_post_title][\/et_pb_column][\/et_pb_row][\/et_pb_section][et_pb_section fb_built=&#8221;1&#8243; _builder_version=&#8221;4.18.0&#8243; _module_preset=&#8221;default&#8221; background_image=&#8221;https:\/\/www.omegaudioconcepts.com\/wp-content\/uploads\/2022\/07\/bg-wire.png&#8221; background_size=&#8221;contain&#8221; background_repeat=&#8221;repeat-y&#8221; custom_padding=&#8221;||0px|||&#8221; global_colors_info=&#8221;{}&#8221;][et_pb_row column_structure=&#8221;1_5,3_5,1_5&#8243; _builder_version=&#8221;4.18.0&#8243; _module_preset=&#8221;default&#8221; custom_padding=&#8221;0px|||||&#8221; global_colors_info=&#8221;{}&#8221;][et_pb_column type=&#8221;1_5&#8243; _builder_version=&#8221;4.18.0&#8243; _module_preset=&#8221;default&#8221; global_colors_info=&#8221;{}&#8221;][\/et_pb_column][et_pb_column type=&#8221;3_5&#8243; _builder_version=&#8221;4.18.0&#8243; _module_preset=&#8221;default&#8221; global_colors_info=&#8221;{}&#8221;][et_pb_text _builder_version=&#8221;4.18.0&#8243; _module_preset=&#8221;5039dd56-10c9-49aa-80fd-1670d269d542&#8243; background_color=&#8221;#FFFFFF&#8221; custom_padding=&#8221;30px||30px||true|false&#8221; global_colors_info=&#8221;{}&#8221;]<\/p>\n<p><span style=\"font-weight: 400;\">I sistemi audio Omega Audio Concepts sono realizzati per replicare le stesse emozioni e sensazioni di un concerto o opera live. L\u2019intensit\u00e0 di quel momento pu\u00f2 essere riprodotta nella forma pi\u00f9 pura, contemplando la riproduzione musicale e assaporando ogni singola nota. Diffusori, cavi ed elettroniche si uniscono per creare un sistema unico. Ogni forma \u00e8 dettata da una funzione meccanica o acustica e ogni produzione \u00e8 pensata e sviluppata per ridurre al minimo le interazioni tra i vari elementi che compongono il sistema.\u00a0<\/span><\/p>\n<p>[\/et_pb_text][\/et_pb_column][et_pb_column type=&#8221;1_5&#8243; _builder_version=&#8221;4.18.0&#8243; _module_preset=&#8221;default&#8221; global_colors_info=&#8221;{}&#8221;][\/et_pb_column][\/et_pb_row][\/et_pb_section][et_pb_section fb_built=&#8221;1&#8243; _builder_version=&#8221;4.18.0&#8243; _module_preset=&#8221;6a0c8e81-6653-40ef-ad4e-24a94354cc40&#8243; custom_padding=&#8221;0px||0px|1px||&#8221; border_width_bottom=&#8221;2px&#8221; border_color_bottom=&#8221;#cb1516&#8243; global_colors_info=&#8221;{}&#8221;][et_pb_row column_structure=&#8221;1_2,1_2&#8243; make_equal=&#8221;on&#8221; module_class=&#8221;hover01&#8243; _builder_version=&#8221;4.18.0&#8243; _module_preset=&#8221;default&#8221; background_image=&#8221;https:\/\/www.omegaudioconcepts.com\/wp-content\/uploads\/2022\/07\/bg-wire.png&#8221; background_size=&#8221;contain&#8221; background_repeat=&#8221;repeat-y&#8221; width=&#8221;90%&#8221; max_width=&#8221;2560px&#8221; custom_padding=&#8221;||0px|||&#8221; global_colors_info=&#8221;{}&#8221;][et_pb_column type=&#8221;1_2&#8243; _builder_version=&#8221;4.18.0&#8243; _module_preset=&#8221;default&#8221; global_colors_info=&#8221;{}&#8221;][et_pb_image src=&#8221;https:\/\/www.omegaudioconcepts.com\/wp-content\/uploads\/2022\/09\/stream.jpg&#8221; title_text=&#8221;stream&#8221; url=&#8221;https:\/\/www.omegaudioconcepts.com\/it\/sistemi\/sistema-stream\/&#8221; url_new_window=&#8221;on&#8221; use_overlay=&#8221;on&#8221; module_class=&#8221;base text-hover text-stream&#8221; _builder_version=&#8221;4.27.0&#8243; _module_preset=&#8221;default&#8221; background_color=&#8221;#000000&#8243; custom_margin=&#8221;|1px|||false|false&#8221; mix_blend_mode=&#8221;overlay&#8221; animation_direction=&#8221;top&#8221; hover_enabled=&#8221;0&#8243; global_colors_info=&#8221;{}&#8221; transform_styles__hover_enabled=&#8221;off|desktop&#8221; transform_scale__hover_enabled=&#8221;off|desktop&#8221; transform_translate__hover_enabled=&#8221;off|desktop&#8221; transform_rotate__hover_enabled=&#8221;off|desktop&#8221; transform_skew__hover_enabled=&#8221;off|desktop&#8221; transform_origin__hover_enabled=&#8221;off|desktop&#8221; filter_brightness__hover_enabled=&#8221;on|hover&#8221; background__hover_enabled=&#8221;on|hover&#8221; filter_opacity__hover_enabled=&#8221;on|hover&#8221; filter_opacity__hover=&#8221;100%&#8221; filter_brightness__hover=&#8221;&#8221; sticky_enabled=&#8221;0&#8243;][\/et_pb_image][et_pb_text disabled_on=&#8221;off|on|on&#8221; _builder_version=&#8221;4.27.0&#8243; _module_preset=&#8221;default&#8221; text_text_color=&#8221;#E02B20&#8243; text_orientation=&#8221;center&#8221; link_option_url=&#8221;https:\/\/www.omegaudioconcepts.com\/it\/sistemi\/sistema-stream\/&#8221; hover_enabled=&#8221;0&#8243; global_colors_info=&#8221;{}&#8221; content__hover_enabled=&#8221;on|hover&#8221; content__hover=&#8221;<span>OMEGA Stream \u27f6<\/span>&#8221; sticky_enabled=&#8221;0&#8243;]<\/p>\n<p><span>OMEGA Stream \u27f6<\/span><\/p>\n<p>[\/et_pb_text][et_pb_image src=&#8221;https:\/\/www.omegaudioconcepts.com\/wp-content\/uploads\/2022\/09\/OAC.jpg&#8221; title_text=&#8221;OAC&#8221; url=&#8221;https:\/\/www.omegaudioconcepts.com\/it\/sistemi\/sistema-oac\/&#8221; use_overlay=&#8221;on&#8221; module_class=&#8221;base text-hover text-oac&#8221; _builder_version=&#8221;4.27.0&#8243; _module_preset=&#8221;default&#8221; background_color=&#8221;#000000&#8243; custom_margin=&#8221;50px|1px|||false|false&#8221; mix_blend_mode=&#8221;overlay&#8221; hover_enabled=&#8221;0&#8243; global_colors_info=&#8221;{}&#8221; filter_brightness__hover_enabled=&#8221;on|hover&#8221; background__hover_enabled=&#8221;on|hover&#8221; filter_opacity__hover_enabled=&#8221;on|hover&#8221; filter_opacity__hover=&#8221;100%&#8221; filter_brightness__hover=&#8221;82%&#8221; sticky_enabled=&#8221;0&#8243;][\/et_pb_image][et_pb_text disabled_on=&#8221;off|on|on&#8221; _builder_version=&#8221;4.27.0&#8243; _module_preset=&#8221;default&#8221; text_text_color=&#8221;#E02B20&#8243; text_orientation=&#8221;center&#8221; link_option_url=&#8221;https:\/\/www.omegaudioconcepts.com\/it\/sistemi\/sistema-oac\/&#8221; hover_enabled=&#8221;0&#8243; global_colors_info=&#8221;{}&#8221; content__hover_enabled=&#8221;on|hover&#8221; content__hover=&#8221;<\/p>\n<p><span>OMEGA OAC \u27f6<\/span><\/p>\n<p>&#8221; sticky_enabled=&#8221;0&#8243;]<\/p>\n<p><span>OMEGA OAC \u27f6<\/span><\/p>\n<p>[\/et_pb_text][\/et_pb_column][et_pb_column type=&#8221;1_2&#8243; _builder_version=&#8221;4.18.0&#8243; _module_preset=&#8221;default&#8221; global_colors_info=&#8221;{}&#8221;][et_pb_image src=&#8221;https:\/\/www.omegaudioconcepts.com\/wp-content\/uploads\/2022\/09\/DNA.jpg&#8221; title_text=&#8221;DNA&#8221; url=&#8221;https:\/\/www.omegaudioconcepts.com\/it\/sistemi\/sistema-dna\/&#8221; use_overlay=&#8221;on&#8221; module_class=&#8221;base text-hover text-dna&#8221; _builder_version=&#8221;4.27.0&#8243; _module_preset=&#8221;default&#8221; background_color=&#8221;#000000&#8243; custom_margin=&#8221;|||1px|false|false&#8221; mix_blend_mode=&#8221;overlay&#8221; hover_enabled=&#8221;0&#8243; global_colors_info=&#8221;{}&#8221; filter_brightness__hover_enabled=&#8221;on|desktop&#8221; background__hover_enabled=&#8221;on|hover&#8221; filter_opacity__hover_enabled=&#8221;on|hover&#8221; filter_opacity__hover=&#8221;100%&#8221; sticky_enabled=&#8221;0&#8243;][\/et_pb_image][et_pb_text disabled_on=&#8221;off|on|on&#8221; _builder_version=&#8221;4.27.0&#8243; _module_preset=&#8221;default&#8221; text_text_color=&#8221;#E02B20&#8243; text_orientation=&#8221;center&#8221; link_option_url=&#8221;https:\/\/www.omegaudioconcepts.com\/it\/sistemi\/sistema-dna\/&#8221; hover_enabled=&#8221;0&#8243; global_colors_info=&#8221;{}&#8221; content__hover_enabled=&#8221;on|hover&#8221; content__hover=&#8221;<\/p>\n<p><span style=%22text-decoration: underline;%22>OMEGA DNA \u27f6<\/span><\/p>\n<p>&#8221; sticky_enabled=&#8221;0&#8243;]<\/p>\n<p><span>OMEGA DNA \u27f6<\/span><\/p>\n<p>[\/et_pb_text][et_pb_image src=&#8221;https:\/\/www.omegaudioconcepts.com\/wp-content\/uploads\/2022\/09\/essenziale.jpg&#8221; title_text=&#8221;essenziale&#8221; url=&#8221;https:\/\/www.omegaudioconcepts.com\/it\/sistemi\/sistema-essenziale\/&#8221; use_overlay=&#8221;on&#8221; module_class=&#8221;base text-hover text-essenziale&#8221; _builder_version=&#8221;4.27.0&#8243; _module_preset=&#8221;default&#8221; background_color=&#8221;#000000&#8243; custom_margin=&#8221;50px|1px|||false|false&#8221; mix_blend_mode=&#8221;overlay&#8221; hover_enabled=&#8221;0&#8243; global_colors_info=&#8221;{}&#8221; filter_brightness__hover_enabled=&#8221;on|hover&#8221; background__hover_enabled=&#8221;on|hover&#8221; filter_opacity__hover_enabled=&#8221;on|hover&#8221; filter_opacity__hover=&#8221;100%&#8221; filter_brightness__hover=&#8221;82%&#8221; sticky_enabled=&#8221;0&#8243;][\/et_pb_image][et_pb_text disabled_on=&#8221;off|on|on&#8221; _builder_version=&#8221;4.27.0&#8243; _module_preset=&#8221;default&#8221; text_text_color=&#8221;#E02B20&#8243; text_orientation=&#8221;center&#8221; link_option_url=&#8221;https:\/\/www.omegaudioconcepts.com\/it\/sistemi\/sistema-essenziale\/&#8221; hover_enabled=&#8221;0&#8243; global_colors_info=&#8221;{}&#8221; content__hover_enabled=&#8221;on|hover&#8221; content__hover=&#8221;<\/p>\n<p><span style=%22text-decoration: underline;%22>OMEGA Essenziale \u27f6<\/span><\/p>\n<p>&#8221; sticky_enabled=&#8221;0&#8243;]<\/p>\n<p><span>OMEGA Essenziale \u27f6<\/span><\/p>\n<p>[\/et_pb_text][\/et_pb_column][\/et_pb_row][\/et_pb_section]<\/p>\n","protected":false},"excerpt":{"rendered":"<p>I sistemi audio Omega Audio Concepts sono realizzati per replicare le stesse emozioni e sensazioni di un concerto o opera live. L\u2019intensit\u00e0 di quel momento pu\u00f2 essere riprodotta nella forma pi\u00f9 pura, contemplando la riproduzione musicale e assaporando ogni singola nota. Diffusori, cavi ed elettroniche si uniscono per creare un sistema unico. Ogni forma \u00e8 [&hellip;]<\/p>\n","protected":false},"author":1,"featured_media":0,"parent":0,"menu_order":4,"comment_status":"closed","ping_status":"closed","template":"","meta":{"_et_pb_use_builder":"on","_et_pb_old_content":"","_et_gb_content_width":"","footnotes":""},"class_list":["post-229","page","type-page","status-publish","hentry"],"yoast_head":"<!-- This site is optimized with the Yoast SEO plugin v26.4 - https:\/\/yoast.com\/wordpress\/plugins\/seo\/ -->\n<title>Sistemi - Omega<\/title>\n<meta name=\"robots\" content=\"index, follow, max-snippet:-1, max-image-preview:large, max-video-preview:-1\" \/>\n<link rel=\"canonical\" href=\"https:\/\/www.omegaudioconcepts.com\/it\/sistemi\/\" \/>\n<meta property=\"og:locale\" content=\"it_IT\" \/>\n<meta property=\"og:type\" content=\"article\" \/>\n<meta property=\"og:title\" content=\"Sistemi - Omega\" \/>\n<meta property=\"og:description\" content=\"I sistemi audio Omega Audio Concepts sono realizzati per replicare le stesse emozioni e sensazioni di un concerto o opera live. L\u2019intensit\u00e0 di quel momento pu\u00f2 essere riprodotta nella forma pi\u00f9 pura, contemplando la riproduzione musicale e assaporando ogni singola nota. Diffusori, cavi ed elettroniche si uniscono per creare un sistema unico. Ogni forma \u00e8 [&hellip;]\" \/>\n<meta property=\"og:url\" content=\"https:\/\/www.omegaudioconcepts.com\/it\/sistemi\/\" \/>\n<meta property=\"og:site_name\" content=\"Omega\" \/>\n<meta property=\"article:modified_time\" content=\"2024-10-02T21:34:02+00:00\" \/>\n<meta name=\"twitter:card\" content=\"summary_large_image\" \/>\n<meta name=\"twitter:label1\" content=\"Tempo di lettura stimato\" \/>\n\t<meta name=\"twitter:data1\" content=\"5 minuti\" \/>\n<script type=\"application\/ld+json\" class=\"yoast-schema-graph\">{\"@context\":\"https:\/\/schema.org\",\"@graph\":[{\"@type\":\"WebPage\",\"@id\":\"https:\/\/www.omegaudioconcepts.com\/it\/sistemi\/\",\"url\":\"https:\/\/www.omegaudioconcepts.com\/it\/sistemi\/\",\"name\":\"Sistemi - Omega\",\"isPartOf\":{\"@id\":\"https:\/\/www.omegaudioconcepts.com\/it\/#website\"},\"datePublished\":\"2022-09-08T13:41:12+00:00\",\"dateModified\":\"2024-10-02T21:34:02+00:00\",\"breadcrumb\":{\"@id\":\"https:\/\/www.omegaudioconcepts.com\/it\/sistemi\/#breadcrumb\"},\"inLanguage\":\"it-IT\",\"potentialAction\":[{\"@type\":\"ReadAction\",\"target\":[\"https:\/\/www.omegaudioconcepts.com\/it\/sistemi\/\"]}]},{\"@type\":\"BreadcrumbList\",\"@id\":\"https:\/\/www.omegaudioconcepts.com\/it\/sistemi\/#breadcrumb\",\"itemListElement\":[{\"@type\":\"ListItem\",\"position\":1,\"name\":\"Home\",\"item\":\"https:\/\/www.omegaudioconcepts.com\/it\/\"},{\"@type\":\"ListItem\",\"position\":2,\"name\":\"Sistemi\"}]},{\"@type\":\"WebSite\",\"@id\":\"https:\/\/www.omegaudioconcepts.com\/it\/#website\",\"url\":\"https:\/\/www.omegaudioconcepts.com\/it\/\",\"name\":\"Omega\",\"description\":\"audio concepts\",\"potentialAction\":[{\"@type\":\"SearchAction\",\"target\":{\"@type\":\"EntryPoint\",\"urlTemplate\":\"https:\/\/www.omegaudioconcepts.com\/it\/?s={search_term_string}\"},\"query-input\":{\"@type\":\"PropertyValueSpecification\",\"valueRequired\":true,\"valueName\":\"search_term_string\"}}],\"inLanguage\":\"it-IT\"}]}<\/script>\n<!-- \/ Yoast SEO plugin. -->","yoast_head_json":{"title":"Sistemi - Omega","robots":{"index":"index","follow":"follow","max-snippet":"max-snippet:-1","max-image-preview":"max-image-preview:large","max-video-preview":"max-video-preview:-1"},"canonical":"https:\/\/www.omegaudioconcepts.com\/it\/sistemi\/","og_locale":"it_IT","og_type":"article","og_title":"Sistemi - Omega","og_description":"I sistemi audio Omega Audio Concepts sono realizzati per replicare le stesse emozioni e sensazioni di un concerto o opera live. L\u2019intensit\u00e0 di quel momento pu\u00f2 essere riprodotta nella forma pi\u00f9 pura, contemplando la riproduzione musicale e assaporando ogni singola nota. Diffusori, cavi ed elettroniche si uniscono per creare un sistema unico. Ogni forma \u00e8 [&hellip;]","og_url":"https:\/\/www.omegaudioconcepts.com\/it\/sistemi\/","og_site_name":"Omega","article_modified_time":"2024-10-02T21:34:02+00:00","twitter_card":"summary_large_image","twitter_misc":{"Tempo di lettura stimato":"5 minuti"},"schema":{"@context":"https:\/\/schema.org","@graph":[{"@type":"WebPage","@id":"https:\/\/www.omegaudioconcepts.com\/it\/sistemi\/","url":"https:\/\/www.omegaudioconcepts.com\/it\/sistemi\/","name":"Sistemi - Omega","isPartOf":{"@id":"https:\/\/www.omegaudioconcepts.com\/it\/#website"},"datePublished":"2022-09-08T13:41:12+00:00","dateModified":"2024-10-02T21:34:02+00:00","breadcrumb":{"@id":"https:\/\/www.omegaudioconcepts.com\/it\/sistemi\/#breadcrumb"},"inLanguage":"it-IT","potentialAction":[{"@type":"ReadAction","target":["https:\/\/www.omegaudioconcepts.com\/it\/sistemi\/"]}]},{"@type":"BreadcrumbList","@id":"https:\/\/www.omegaudioconcepts.com\/it\/sistemi\/#breadcrumb","itemListElement":[{"@type":"ListItem","position":1,"name":"Home","item":"https:\/\/www.omegaudioconcepts.com\/it\/"},{"@type":"ListItem","position":2,"name":"Sistemi"}]},{"@type":"WebSite","@id":"https:\/\/www.omegaudioconcepts.com\/it\/#website","url":"https:\/\/www.omegaudioconcepts.com\/it\/","name":"Omega","description":"audio concepts","potentialAction":[{"@type":"SearchAction","target":{"@type":"EntryPoint","urlTemplate":"https:\/\/www.omegaudioconcepts.com\/it\/?s={search_term_string}"},"query-input":{"@type":"PropertyValueSpecification","valueRequired":true,"valueName":"search_term_string"}}],"inLanguage":"it-IT"}]}},"_links":{"self":[{"href":"https:\/\/www.omegaudioconcepts.com\/it\/wp-json\/wp\/v2\/pages\/229","targetHints":{"allow":["GET"]}}],"collection":[{"href":"https:\/\/www.omegaudioconcepts.com\/it\/wp-json\/wp\/v2\/pages"}],"about":[{"href":"https:\/\/www.omegaudioconcepts.com\/it\/wp-json\/wp\/v2\/types\/page"}],"author":[{"embeddable":true,"href":"https:\/\/www.omegaudioconcepts.com\/it\/wp-json\/wp\/v2\/users\/1"}],"replies":[{"embeddable":true,"href":"https:\/\/www.omegaudioconcepts.com\/it\/wp-json\/wp\/v2\/comments?post=229"}],"version-history":[{"count":13,"href":"https:\/\/www.omegaudioconcepts.com\/it\/wp-json\/wp\/v2\/pages\/229\/revisions"}],"predecessor-version":[{"id":2327,"href":"https:\/\/www.omegaudioconcepts.com\/it\/wp-json\/wp\/v2\/pages\/229\/revisions\/2327"}],"wp:attachment":[{"href":"https:\/\/www.omegaudioconcepts.com\/it\/wp-json\/wp\/v2\/media?parent=229"}],"curies":[{"name":"wp","href":"https:\/\/api.w.org\/{rel}","templated":true}]}}