{"id":1777,"date":"2024-10-01T23:09:45","date_gmt":"2024-10-01T21:09:45","guid":{"rendered":"https:\/\/www.omegaudioconcepts.com\/?page_id=1777"},"modified":"2025-12-29T19:04:02","modified_gmt":"2025-12-29T18:04:02","slug":"sorgenti","status":"publish","type":"page","link":"https:\/\/www.omegaudioconcepts.com\/it\/sorgenti\/","title":{"rendered":"Sorgenti"},"content":{"rendered":"<p>[et_pb_section fb_built=&#8221;1&#8243; _builder_version=&#8221;4.20.0&#8243; _module_preset=&#8221;cc646ed7-c1c4-4940-a502-3b0f9501b7fe&#8221; background_image=&#8221;https:\/\/www.omegaudioconcepts.com\/wp-content\/uploads\/2022\/09\/omega_essenziale_0691.jpg&#8221; global_colors_info=&#8221;{}&#8221;][et_pb_row _builder_version=&#8221;4.18.0&#8243; _module_preset=&#8221;default&#8221; global_colors_info=&#8221;{}&#8221;][et_pb_column type=&#8221;4_4&#8243; _builder_version=&#8221;4.18.0&#8243; _module_preset=&#8221;default&#8221; global_colors_info=&#8221;{}&#8221;][et_pb_post_title _builder_version=&#8221;4.20.0&#8243; _module_preset=&#8221;5387a1aa-4617-4110-9aae-a72fd080d82c&#8221; global_colors_info=&#8221;{}&#8221;][\/et_pb_post_title][\/et_pb_column][\/et_pb_row][\/et_pb_section][et_pb_section fb_built=&#8221;1&#8243; _builder_version=&#8221;4.18.0&#8243; _module_preset=&#8221;6a0c8e81-6653-40ef-ad4e-24a94354cc40&#8243; global_colors_info=&#8221;{}&#8221;][et_pb_row _builder_version=&#8221;4.20.0&#8243; _module_preset=&#8221;default&#8221; custom_padding=&#8221;0px|||||&#8221; global_colors_info=&#8221;{}&#8221;][et_pb_column type=&#8221;4_4&#8243; _builder_version=&#8221;4.20.0&#8243; _module_preset=&#8221;default&#8221; global_colors_info=&#8221;{}&#8221;][et_pb_divider show_divider=&#8221;off&#8221; _builder_version=&#8221;4.18.0&#8243; _module_preset=&#8221;default&#8221; height=&#8221;50px&#8221; height_tablet=&#8221;50px&#8221; height_phone=&#8221;0px&#8221; height_last_edited=&#8221;on|phone&#8221; global_colors_info=&#8221;{}&#8221;][\/et_pb_divider][\/et_pb_column][\/et_pb_row][et_pb_row column_structure=&#8221;1_2,1_2&#8243; admin_label=&#8221;Riga&#8221; module_class=&#8221;reverse&#8221; _builder_version=&#8221;4.27.0&#8243; _module_preset=&#8221;default&#8221; global_colors_info=&#8221;{}&#8221;][et_pb_column type=&#8221;1_2&#8243; _builder_version=&#8221;4.18.0&#8243; _module_preset=&#8221;default&#8221; global_colors_info=&#8221;{}&#8221;][et_pb_text _builder_version=&#8221;4.20.0&#8243; _module_preset=&#8221;default&#8221; header_4_text_align_tablet=&#8221;&#8221; header_4_text_align_phone=&#8221;center&#8221; header_4_text_align_last_edited=&#8221;on|phone&#8221; global_colors_info=&#8221;{}&#8221;]<\/p>\n<h4>Lettore ZENITH<\/h4>\n<p>[\/et_pb_text][et_pb_divider _builder_version=&#8221;4.18.0&#8243; _module_preset=&#8221;3feb662b-7ce2-4ce6-83b7-ee8a464be1ce&#8221; global_colors_info=&#8221;{}&#8221;][\/et_pb_divider][et_pb_text _builder_version=&#8221;4.27.0&#8243; _module_preset=&#8221;ff5bfd20-5971-4a99-892a-adf38cb3d9b1&#8243; height_tablet=&#8221;&#8221; height_phone=&#8221;&#8221; height_last_edited=&#8221;on|phone&#8221; global_colors_info=&#8221;{}&#8221;]<\/p>\n<p>Zenith rappresenta il nostro stato dell\u2019arte attuale, esprime la massima espressione della ricerca di Omega Audio Concepts nell\u2019ambito della riproduzione digitale. Un lettore CD di riferimento assoluto dove ogni scelta progettuale \u00e8 stata fatta col fine di avere la lettura pi\u00f9 fedele possibile alle informazioni presenti nel supporto.<\/p>\n<p>Nasce dalla volont\u00e0 di portare la lettura digitale al pi\u00f9 alto livello possibile. Lo Zenith \u00e8 la naturale evoluzione del nostro lettore CD STREAM. Abbiamo realizzato una struttura completamente disaccoppiata. Le parti che la compongono sono state portate al limite teorico, ricavando da blocchi di alluminio lavorati con ma chine cic e ricavando cos\u00ec elementi al limite teorico di forma sferica. Pur mantenendo la meccanica di lettura e la forma originale, ovvero una semisfera in alluminio, sospesa elasticamente, ne abbiamo migliorato le circuitazioni interne. Alimentazione e DAC sono stati completamente riprogettati ed ora sono contenuti in due sfere separate. Il nuovo chassis garantisce un totale isolamento dalle vibrazioni meccaniche ed elettromagnetiche. Tutti i componenti interni trovano alloggiamento in sedi dedicate e sono a loro volta meccanicamente ed elettromagneticamente isolati e lavorano quanto pi\u00f9 possibile vicino ad una camera bianca.Tutto questo rende lo Zenith, lo Zenith della riproduzione audio dove l\u2019ascolto ha un livello di fedelt\u00e0 mai raggiunto prima.<\/p>\n<p>[\/et_pb_text][et_pb_text _builder_version=&#8221;4.27.0&#8243; _module_preset=&#8221;default&#8221; text_text_color=&#8221;#E02B20&#8243; custom_margin=&#8221;100px||||false|false&#8221; link_option_url=&#8221;https:\/\/www.omegaudioconcepts.com\/it\/sorgenti\/zenith-cd-player\/&#8221; global_colors_info=&#8221;{}&#8221; content__hover_enabled=&#8221;on|hover&#8221; content__hover=&#8221;<\/p>\n<p><span style=%22text-decoration: underline;%22>Scopri Lettore CD ZENITH \u27f6<\/span><\/p>\n<p>&#8220;]<\/p>\n<p>Scopri Lettore CD ZENITH \u27f6<\/p>\n<p>[\/et_pb_text][\/et_pb_column][et_pb_column type=&#8221;1_2&#8243; _builder_version=&#8221;4.18.0&#8243; _module_preset=&#8221;default&#8221; global_colors_info=&#8221;{}&#8221;][et_pb_image src=&#8221;https:\/\/www.omegaudioconcepts.com\/wp-content\/uploads\/2025\/07\/ESC_0345-scaled.jpg&#8221; title_text=&#8221;ESC_0345&#8243; _builder_version=&#8221;4.27.0&#8243; _module_preset=&#8221;default&#8221; global_colors_info=&#8221;{}&#8221;][\/et_pb_image][\/et_pb_column][\/et_pb_row][et_pb_row _builder_version=&#8221;4.20.0&#8243; _module_preset=&#8221;default&#8221; custom_padding=&#8221;0px|||||&#8221; global_colors_info=&#8221;{}&#8221;][et_pb_column type=&#8221;4_4&#8243; _builder_version=&#8221;4.20.0&#8243; _module_preset=&#8221;default&#8221; global_colors_info=&#8221;{}&#8221;][et_pb_divider show_divider=&#8221;off&#8221; _builder_version=&#8221;4.18.0&#8243; _module_preset=&#8221;default&#8221; height=&#8221;50px&#8221; height_tablet=&#8221;50px&#8221; height_phone=&#8221;0px&#8221; height_last_edited=&#8221;on|phone&#8221; global_colors_info=&#8221;{}&#8221;][\/et_pb_divider][\/et_pb_column][\/et_pb_row][et_pb_row column_structure=&#8221;1_2,1_2&#8243; _builder_version=&#8221;4.27.0&#8243; _module_preset=&#8221;default&#8221; custom_padding=&#8221;0px||0px|||&#8221; global_colors_info=&#8221;{}&#8221;][et_pb_column type=&#8221;1_2&#8243; _builder_version=&#8221;4.18.0&#8243; _module_preset=&#8221;default&#8221; global_colors_info=&#8221;{}&#8221;][et_pb_image src=&#8221;https:\/\/www.omegaudioconcepts.com\/wp-content\/uploads\/2022\/11\/TONI3315.jpg&#8221; title_text=&#8221;TONI3315&#8243; _builder_version=&#8221;4.18.1&#8243; _module_preset=&#8221;default&#8221; border_width_top=&#8221;1px&#8221; border_color_top=&#8221;#CB1516&#8243; global_colors_info=&#8221;{}&#8221;][\/et_pb_image][\/et_pb_column][et_pb_column type=&#8221;1_2&#8243; _builder_version=&#8221;4.18.0&#8243; _module_preset=&#8221;default&#8221; global_colors_info=&#8221;{}&#8221;][et_pb_text _builder_version=&#8221;4.20.0&#8243; _module_preset=&#8221;default&#8221; header_4_text_align_tablet=&#8221;&#8221; header_4_text_align_phone=&#8221;center&#8221; header_4_text_align_last_edited=&#8221;on|phone&#8221; global_colors_info=&#8221;{}&#8221;]<\/p>\n<h4>Lettore CD STREAM<\/h4>\n<p>[\/et_pb_text][et_pb_divider _builder_version=&#8221;4.18.0&#8243; _module_preset=&#8221;3feb662b-7ce2-4ce6-83b7-ee8a464be1ce&#8221; global_colors_info=&#8221;{}&#8221;][\/et_pb_divider][et_pb_text _builder_version=&#8221;4.27.0&#8243; _module_preset=&#8221;ff5bfd20-5971-4a99-892a-adf38cb3d9b1&#8243; height_tablet=&#8221;&#8221; height_phone=&#8221;&#8221; height_last_edited=&#8221;on|tablet&#8221; global_colors_info=&#8221;{}&#8221;]<\/p>\n<p>Riconoscibile subito a prima vista per la sua forma non convenzionale \u00c8 il lettore cdp che rappresenta in nostro stato dell\u2019arte. Infatti vi sono ben sette alimentazioni indipendenti a partire dai trasformatori.<\/p>\n<p>Composto in tre telalai indipendenti scavati dal pieno mediante macchine cnc.<\/p>\n<p>LA meccanica di lettura \u00e8 posta su un contenitore a limite teorico: una semisfera disaccoppiata dal resto della struttura mediante elastomeri.<\/p>\n<p>In dotazione viene fornito un clamp amagnetico proprietario in grado di abbracciare tutta la superficie del disco garantendo tramite l\u2019effetto suolo un\u2019elevatissima stabilit\u00e0 di rotazione.<\/p>\n<p>Completo di sezione dac dedicata alloggiata in un case a forma cilindrica.<\/p>\n<p>\u00c8 disponibile nelle colorazioni grigio, nero e titanio. A richiesta e con sovraprezzo vengono realizzate verniciature personalizzate.<\/p>\n<p>[\/et_pb_text][et_pb_text _builder_version=&#8221;4.27.0&#8243; _module_preset=&#8221;default&#8221; text_text_color=&#8221;#E02B20&#8243; link_option_url=&#8221;https:\/\/www.omegaudioconcepts.com\/it\/sorgenti\/stream-cd-player\/&#8221; global_colors_info=&#8221;{}&#8221; content__hover_enabled=&#8221;on|hover&#8221; content__hover=&#8221;<\/p>\n<p><span style=%22text-decoration: underline;%22>Scopri Lettore CD STREAM \u27f6<\/span><\/p>\n<p>&#8220;]<\/p>\n<p>Scopri Lettore CD STREAM \u27f6<\/p>\n<p>[\/et_pb_text][\/et_pb_column][\/et_pb_row][et_pb_row _builder_version=&#8221;4.20.0&#8243; _module_preset=&#8221;default&#8221; custom_padding=&#8221;0px|||||&#8221; global_colors_info=&#8221;{}&#8221;][et_pb_column type=&#8221;4_4&#8243; _builder_version=&#8221;4.20.0&#8243; _module_preset=&#8221;default&#8221; global_colors_info=&#8221;{}&#8221;][et_pb_divider show_divider=&#8221;off&#8221; _builder_version=&#8221;4.18.0&#8243; _module_preset=&#8221;default&#8221; height=&#8221;50px&#8221; height_tablet=&#8221;50px&#8221; height_phone=&#8221;0px&#8221; height_last_edited=&#8221;on|phone&#8221; global_colors_info=&#8221;{}&#8221;][\/et_pb_divider][\/et_pb_column][\/et_pb_row][et_pb_row column_structure=&#8221;1_2,1_2&#8243; admin_label=&#8221;Riga&#8221; module_class=&#8221;reverse&#8221; _builder_version=&#8221;4.27.0&#8243; _module_preset=&#8221;default&#8221; global_colors_info=&#8221;{}&#8221;][et_pb_column type=&#8221;1_2&#8243; _builder_version=&#8221;4.18.0&#8243; _module_preset=&#8221;default&#8221; global_colors_info=&#8221;{}&#8221;][et_pb_text _builder_version=&#8221;4.20.0&#8243; _module_preset=&#8221;default&#8221; header_4_text_align_tablet=&#8221;&#8221; header_4_text_align_phone=&#8221;center&#8221; header_4_text_align_last_edited=&#8221;on|phone&#8221; global_colors_info=&#8221;{}&#8221;]<\/p>\n<h4>Lettore CD DNA<\/h4>\n<p>[\/et_pb_text][et_pb_divider _builder_version=&#8221;4.18.0&#8243; _module_preset=&#8221;3feb662b-7ce2-4ce6-83b7-ee8a464be1ce&#8221; global_colors_info=&#8221;{}&#8221;][\/et_pb_divider][et_pb_text _builder_version=&#8221;4.27.0&#8243; _module_preset=&#8221;ff5bfd20-5971-4a99-892a-adf38cb3d9b1&#8243; height_tablet=&#8221;&#8221; height_phone=&#8221;&#8221; height_last_edited=&#8221;on|phone&#8221; global_colors_info=&#8221;{}&#8221;]<\/p>\n<p>\u00c8 il primo cdp realizzato in casa OAC, rappresenta la pietra miliare, e come si evince dal suo nome racchiude tutti i concetti fondamentali della nostra progettazione.<\/p>\n<p>Ricavato da blocchi di alluminio scavato dal pieno mediante macchine cnc, ottenendo cos\u00ec una rigidit\u00e0 strutturale molto elevata che ci permette di ridurre al minimo le vibrazioni durante la lettura del disco. \u00c8 dotato di alimentazione esterna ricavata anch\u2019essa da un pieno di alluminio, dotata di tre alimentazioni indipendenti partendo dai trasformatori per meccanica logica di controllo e sezione digitale.<\/p>\n<p>Carica dall\u2019alto con apertura slide manuale. Controllo remoto tramite tablet con app dedicata. In dotazione viene fornito un clamp amagnetico proprietario in grado di abbracciare tutta la superficie del disco garantendo tramite l\u2019effetto suolo un\u2019elevatissima stabilit\u00e0 di rotazione.<\/p>\n<p>\u00c8 disponibile nelle colorazioni grigio, nero e titanio. A richiesta e con sovraprezzo vengono realizzate verniciature personalizzate.<\/p>\n<p>[\/et_pb_text][et_pb_text _builder_version=&#8221;4.27.0&#8243; _module_preset=&#8221;default&#8221; text_text_color=&#8221;#E02B20&#8243; custom_margin=&#8221;100px||||false|false&#8221; link_option_url=&#8221;https:\/\/www.omegaudioconcepts.com\/it\/sorgenti\/lettore-cd-dna\/&#8221; global_colors_info=&#8221;{}&#8221; content__hover_enabled=&#8221;on|hover&#8221; content__hover=&#8221;<span style=%22text-decoration: underline;%22>Scopri Lettore CD DNA \u27f6<\/span>&#8220;]<\/p>\n<p><span>Scopri Lettore CD DNA \u27f6<\/span><\/p>\n<p>[\/et_pb_text][\/et_pb_column][et_pb_column type=&#8221;1_2&#8243; _builder_version=&#8221;4.18.0&#8243; _module_preset=&#8221;default&#8221; global_colors_info=&#8221;{}&#8221;][et_pb_image src=&#8221;https:\/\/www.omegaudioconcepts.com\/wp-content\/uploads\/2022\/11\/TONI2178.jpg&#8221; title_text=&#8221;TONI2178&#8243; _builder_version=&#8221;4.18.1&#8243; _module_preset=&#8221;default&#8221; global_colors_info=&#8221;{}&#8221;][\/et_pb_image][\/et_pb_column][\/et_pb_row][\/et_pb_section]<\/p>\n","protected":false},"excerpt":{"rendered":"<p>Lettore ZENITHZenith rappresenta il nostro stato dell\u2019arte attuale, esprime la massima espressione della ricerca di Omega Audio Concepts nell\u2019ambito della riproduzione digitale. Un lettore CD di riferimento assoluto dove ogni scelta progettuale \u00e8 stata fatta col fine di avere la lettura pi\u00f9 fedele possibile alle informazioni presenti nel supporto. Nasce dalla volont\u00e0 di portare la [&hellip;]<\/p>\n","protected":false},"author":1,"featured_media":0,"parent":0,"menu_order":5,"comment_status":"closed","ping_status":"closed","template":"","meta":{"_et_pb_use_builder":"on","_et_pb_old_content":"","_et_gb_content_width":"","footnotes":""},"class_list":["post-1777","page","type-page","status-publish","hentry"],"yoast_head":"<!-- This site is optimized with the Yoast SEO plugin v26.4 - https:\/\/yoast.com\/wordpress\/plugins\/seo\/ -->\n<title>Sorgenti - Omega<\/title>\n<meta name=\"robots\" content=\"index, follow, max-snippet:-1, max-image-preview:large, max-video-preview:-1\" \/>\n<link rel=\"canonical\" href=\"https:\/\/www.omegaudioconcepts.com\/it\/sorgenti\/\" \/>\n<meta property=\"og:locale\" content=\"it_IT\" \/>\n<meta property=\"og:type\" content=\"article\" \/>\n<meta property=\"og:title\" content=\"Sorgenti - Omega\" \/>\n<meta property=\"og:description\" content=\"Lettore ZENITHZenith rappresenta il nostro stato dell\u2019arte attuale, esprime la massima espressione della ricerca di Omega Audio Concepts nell\u2019ambito della riproduzione digitale. Un lettore CD di riferimento assoluto dove ogni scelta progettuale \u00e8 stata fatta col fine di avere la lettura pi\u00f9 fedele possibile alle informazioni presenti nel supporto. Nasce dalla volont\u00e0 di portare la [&hellip;]\" \/>\n<meta property=\"og:url\" content=\"https:\/\/www.omegaudioconcepts.com\/it\/sorgenti\/\" \/>\n<meta property=\"og:site_name\" content=\"Omega\" \/>\n<meta property=\"article:modified_time\" content=\"2025-12-29T18:04:02+00:00\" \/>\n<meta name=\"twitter:card\" content=\"summary_large_image\" \/>\n<meta name=\"twitter:label1\" content=\"Tempo di lettura stimato\" \/>\n\t<meta name=\"twitter:data1\" content=\"4 minuti\" \/>\n<script type=\"application\/ld+json\" class=\"yoast-schema-graph\">{\"@context\":\"https:\/\/schema.org\",\"@graph\":[{\"@type\":\"WebPage\",\"@id\":\"https:\/\/www.omegaudioconcepts.com\/it\/sorgenti\/\",\"url\":\"https:\/\/www.omegaudioconcepts.com\/it\/sorgenti\/\",\"name\":\"Sorgenti - Omega\",\"isPartOf\":{\"@id\":\"https:\/\/www.omegaudioconcepts.com\/it\/#website\"},\"datePublished\":\"2024-10-01T21:09:45+00:00\",\"dateModified\":\"2025-12-29T18:04:02+00:00\",\"breadcrumb\":{\"@id\":\"https:\/\/www.omegaudioconcepts.com\/it\/sorgenti\/#breadcrumb\"},\"inLanguage\":\"it-IT\",\"potentialAction\":[{\"@type\":\"ReadAction\",\"target\":[\"https:\/\/www.omegaudioconcepts.com\/it\/sorgenti\/\"]}]},{\"@type\":\"BreadcrumbList\",\"@id\":\"https:\/\/www.omegaudioconcepts.com\/it\/sorgenti\/#breadcrumb\",\"itemListElement\":[{\"@type\":\"ListItem\",\"position\":1,\"name\":\"Home\",\"item\":\"https:\/\/www.omegaudioconcepts.com\/it\/\"},{\"@type\":\"ListItem\",\"position\":2,\"name\":\"Sorgenti\"}]},{\"@type\":\"WebSite\",\"@id\":\"https:\/\/www.omegaudioconcepts.com\/it\/#website\",\"url\":\"https:\/\/www.omegaudioconcepts.com\/it\/\",\"name\":\"Omega\",\"description\":\"audio concepts\",\"potentialAction\":[{\"@type\":\"SearchAction\",\"target\":{\"@type\":\"EntryPoint\",\"urlTemplate\":\"https:\/\/www.omegaudioconcepts.com\/it\/?s={search_term_string}\"},\"query-input\":{\"@type\":\"PropertyValueSpecification\",\"valueRequired\":true,\"valueName\":\"search_term_string\"}}],\"inLanguage\":\"it-IT\"}]}<\/script>\n<!-- \/ Yoast SEO plugin. -->","yoast_head_json":{"title":"Sorgenti - Omega","robots":{"index":"index","follow":"follow","max-snippet":"max-snippet:-1","max-image-preview":"max-image-preview:large","max-video-preview":"max-video-preview:-1"},"canonical":"https:\/\/www.omegaudioconcepts.com\/it\/sorgenti\/","og_locale":"it_IT","og_type":"article","og_title":"Sorgenti - Omega","og_description":"Lettore ZENITHZenith rappresenta il nostro stato dell\u2019arte attuale, esprime la massima espressione della ricerca di Omega Audio Concepts nell\u2019ambito della riproduzione digitale. Un lettore CD di riferimento assoluto dove ogni scelta progettuale \u00e8 stata fatta col fine di avere la lettura pi\u00f9 fedele possibile alle informazioni presenti nel supporto. Nasce dalla volont\u00e0 di portare la [&hellip;]","og_url":"https:\/\/www.omegaudioconcepts.com\/it\/sorgenti\/","og_site_name":"Omega","article_modified_time":"2025-12-29T18:04:02+00:00","twitter_card":"summary_large_image","twitter_misc":{"Tempo di lettura stimato":"4 minuti"},"schema":{"@context":"https:\/\/schema.org","@graph":[{"@type":"WebPage","@id":"https:\/\/www.omegaudioconcepts.com\/it\/sorgenti\/","url":"https:\/\/www.omegaudioconcepts.com\/it\/sorgenti\/","name":"Sorgenti - Omega","isPartOf":{"@id":"https:\/\/www.omegaudioconcepts.com\/it\/#website"},"datePublished":"2024-10-01T21:09:45+00:00","dateModified":"2025-12-29T18:04:02+00:00","breadcrumb":{"@id":"https:\/\/www.omegaudioconcepts.com\/it\/sorgenti\/#breadcrumb"},"inLanguage":"it-IT","potentialAction":[{"@type":"ReadAction","target":["https:\/\/www.omegaudioconcepts.com\/it\/sorgenti\/"]}]},{"@type":"BreadcrumbList","@id":"https:\/\/www.omegaudioconcepts.com\/it\/sorgenti\/#breadcrumb","itemListElement":[{"@type":"ListItem","position":1,"name":"Home","item":"https:\/\/www.omegaudioconcepts.com\/it\/"},{"@type":"ListItem","position":2,"name":"Sorgenti"}]},{"@type":"WebSite","@id":"https:\/\/www.omegaudioconcepts.com\/it\/#website","url":"https:\/\/www.omegaudioconcepts.com\/it\/","name":"Omega","description":"audio concepts","potentialAction":[{"@type":"SearchAction","target":{"@type":"EntryPoint","urlTemplate":"https:\/\/www.omegaudioconcepts.com\/it\/?s={search_term_string}"},"query-input":{"@type":"PropertyValueSpecification","valueRequired":true,"valueName":"search_term_string"}}],"inLanguage":"it-IT"}]}},"_links":{"self":[{"href":"https:\/\/www.omegaudioconcepts.com\/it\/wp-json\/wp\/v2\/pages\/1777","targetHints":{"allow":["GET"]}}],"collection":[{"href":"https:\/\/www.omegaudioconcepts.com\/it\/wp-json\/wp\/v2\/pages"}],"about":[{"href":"https:\/\/www.omegaudioconcepts.com\/it\/wp-json\/wp\/v2\/types\/page"}],"author":[{"embeddable":true,"href":"https:\/\/www.omegaudioconcepts.com\/it\/wp-json\/wp\/v2\/users\/1"}],"replies":[{"embeddable":true,"href":"https:\/\/www.omegaudioconcepts.com\/it\/wp-json\/wp\/v2\/comments?post=1777"}],"version-history":[{"count":20,"href":"https:\/\/www.omegaudioconcepts.com\/it\/wp-json\/wp\/v2\/pages\/1777\/revisions"}],"predecessor-version":[{"id":2885,"href":"https:\/\/www.omegaudioconcepts.com\/it\/wp-json\/wp\/v2\/pages\/1777\/revisions\/2885"}],"wp:attachment":[{"href":"https:\/\/www.omegaudioconcepts.com\/it\/wp-json\/wp\/v2\/media?parent=1777"}],"curies":[{"name":"wp","href":"https:\/\/api.w.org\/{rel}","templated":true}]}}